{"id":3,"date":"2019-03-31T17:45:25","date_gmt":"2019-03-31T17:45:25","guid":{"rendered":"https:\/\/acertijosparati.com\/acertijos\/?page_id=3"},"modified":"2020-05-02T03:02:58","modified_gmt":"2020-05-02T01:02:58","slug":"privacy-policy","status":"publish","type":"page","link":"https:\/\/erickjrp.com\/acertijos\/privacy-policy\/","title":{"rendered":"Pol\u00edtica de privacidad"},"content":{"rendered":"\n<p style=\"font-size:18px\">Lee atentamente la pol\u00edtica de privacidad de <em>Acertijos Para Ti<\/em>.<\/p>\n\n\n\n<h2 class=\"padding-top-0 wp-block-heading\">Qui\u00e9nes somos<\/h2>\n\n\n\n<p style=\"font-size:18px\" class=\"margin-bottom-20\">Erick Ram\u00edrez cre\u00f3 este sitio web como un sitio web p\u00fablico y gratuito. Esta p\u00e1gina (Pol\u00edtica de privacidad) es usada para informar a los visitantes acerca de las pol\u00edticas respecto a la recolecci\u00f3n, uso y divulgaci\u00f3n de informaci\u00f3n personal, en caso de que alguien decida usar este servicio.<\/p>\n\n\n\n<p style=\"font-size:18px\" class=\"margin-bottom-20\">Si decides usar este servicio, quiere decir que aceptas la recolecci\u00f3n y el uso de informaci\u00f3n en relaci\u00f3n a esta pol\u00edtica. La informaci\u00f3n personal recolectada es usada para proveer y mejorar el servicio. No se usar\u00e1 ni compartir\u00e1 tu informaci\u00f3n con nadie a excepci\u00f3n de lo descrito en esta pol\u00edtica de privacidad.<\/p>\n\n\n\n<p style=\"font-size:18px\">La direcci\u00f3n de esta web es: <a href=\"https:\/\/erickjrp.com\/acertijos\">https:\/\/erickjrp.com\/acertijos<\/a>.<\/p>\n\n\n\n<h2 class=\"wp-block-heading\">Qu\u00e9 datos personales recogemos y por qu\u00e9 los recogemos<\/h2>\n\n\n\n<h3 class=\"color-gray wp-block-heading\"><strong>Comentarios<\/strong><\/h3>\n\n\n\n<p style=\"font-size:18px\" class=\"margin-bottom-20\">Cuando los visitantes dejan comentarios en la web, recopilamos los datos que se muestran en el formulario de comentarios, as\u00ed como la direcci\u00f3n IP del visitante y la cadena de agentes de usuario del navegador para ayudar a la detecci\u00f3n de spam.<\/p>\n\n\n\n<p style=\"font-size:18px\">Una cadena an\u00f3nima creada a partir de tu direcci\u00f3n de correo electr\u00f3nico (tambi\u00e9n llamada hash) puede ser proporcionada al servicio de Gravatar para ver si la est\u00e1s usando. La pol\u00edtica de privacidad del servicio Gravatar est\u00e1 disponible <a href=\"https:\/\/automattic.com\/privacy\/\">aqu\u00ed<\/a>. Despu\u00e9s de la aprobaci\u00f3n de tu comentario, la imagen de tu perfil es visible para el p\u00fablico en el contexto de tu comentario.<\/p>\n\n\n\n<h3 class=\"color-gray wp-block-heading\"><strong>Medios<\/strong><\/h3>\n\n\n\n<p style=\"font-size:18px\">Si subes im\u00e1genes a la web, deber\u00edas evitar subir im\u00e1genes con datos de ubicaci\u00f3n (GPS EXIF) incluidos. Los visitantes de la web pueden descargar y extraer cualquier dato de ubicaci\u00f3n de las im\u00e1genes de la web.<\/p>\n\n\n\n<h3 class=\"color-gray wp-block-heading\"><strong>Formularios de contacto<\/strong><\/h3>\n\n\n\n<p style=\"font-size:18px\" class=\"margin-bottom-20\">Si env\u00edas un mensaje a trav\u00e9s del formulario de contacto, nos facilitas tu direcci\u00f3n de correo electr\u00f3nico y tu nombre. Estos datos ser\u00e1n almacenados durante 7 d\u00edas y posteriormente ser\u00e1n eliminados del servicio de correo usado para recibir los mensajes.<\/p>\n\n\n\n<p style=\"font-size:18px\">Estos datos no ser\u00e1n usados para fines de marketing, se usar\u00e1n  estrictamente para responder al mensaje enviado.<\/p>\n\n\n\n<h3 class=\"color-gray wp-block-heading\"><strong>Cookies<\/strong><\/h3>\n\n\n\n<p style=\"font-size:18px\" class=\"margin-bottom-20\">Si dejas un comentario en nuestro sitio puedes elegir guardar tu nombre, direcci\u00f3n de correo electr\u00f3nico y web en cookies. Esto es para tu comodidad, para que no tengas que volver a rellenar tus datos cuando dejes otro comentario. Estas cookies tendr\u00e1n una duraci\u00f3n de un a\u00f1o.<\/p>\n\n\n\n<p style=\"font-size:18px\" class=\"margin-bottom-20\">Si tienes una cuenta y te conectas a este sitio, instalaremos una cookie temporal para determinar si tu navegador acepta cookies. Esta cookie no contiene datos personales y se elimina al cerrar el navegador.<\/p>\n\n\n\n<p style=\"font-size:18px\" class=\"margin-bottom-20\">Cuando accedas, tambi\u00e9n instalaremos varias cookies para guardar tu informaci\u00f3n de acceso y tus opciones de visualizaci\u00f3n de pantalla. Las cookies de acceso duran dos d\u00edas, y las cookies de opciones de pantalla duran un a\u00f1o. Si seleccionas \u00abRecu\u00e9rdarme\u00bb, tu acceso perdurar\u00e1 durante dos semanas. Al salir de tu cuenta, las cookies de acceso se eliminar\u00e1n.<\/p>\n\n\n\n<p style=\"font-size:18px\">Si editas o publicas un art\u00edculo se guardar\u00e1 una cookie adicional en tu navegador. Esta cookie no incluye datos personales y simplemente indica el ID del art\u00edculo que acabas de editar. Caduca despu\u00e9s de 1 d\u00eda.<\/p>\n\n\n\n<h3 class=\"color-gray wp-block-heading\"><strong>Contenido incrustado de otros sitios web<\/strong><\/h3>\n\n\n\n<p style=\"font-size:18px\" class=\"margin-bottom-20\">Los art\u00edculos de este sitio pueden incluir contenido incrustado (por ejemplo, v\u00eddeos, im\u00e1genes, art\u00edculos, etc.). El contenido incrustado de otras webs se comporta exactamente de la misma manera que si el visitante hubiera visitado la otra web.<\/p>\n\n\n\n<p style=\"font-size:18px\">Estas web pueden recopilar datos sobre ti, utilizar cookies, incrustar un seguimiento adicional de terceros, y supervisar tu interacci\u00f3n con ese contenido incrustado, incluido el seguimiento de tu interacci\u00f3n con el contenido incrustado si tienes una cuenta y est\u00e1s conectado a esa web.<\/p>\n\n\n\n<h3 class=\"color-gray wp-block-heading\"><strong>Anal\u00edtica<\/strong><\/h3>\n\n\n\n<p style=\"font-size:18px\">Este sitio mide el tr\u00e1fico con Google Analytics (<a rel=\"noreferrer noopener\" href=\"https:\/\/policies.google.com\/privacy?hl=es\" target=\"_blank\">Pol\u00edtica de privacidad de Google Analytics<\/a>) con el fin de mejorar la usabilidad del mismo, pero en ning\u00fan caso se asocian a datos que pudieran llegar a identificarte.<\/p>\n\n\n\n<h2 class=\"wp-block-heading\">Con qui\u00e9n compartimos tus datos<\/h2>\n\n\n\n<p style=\"font-size:18px\">La pol\u00edtica de privacidad de <em>Acertijos Para Ti<\/em> garantiza que tus datos no son compartidos con nadie.<\/p>\n\n\n\n<h2 class=\"wp-block-heading\">Cu\u00e1nto tiempo conservamos tus datos<\/h2>\n\n\n\n<p style=\"font-size:18px\" class=\"margin-bottom-20\">Si dejas un comentario, el comentario y sus metadatos se conservan indefinidamente. Esto es para que podamos reconocer y aprobar comentarios sucesivos autom\u00e1ticamente, en lugar de mantenerlos en una cola de moderaci\u00f3n.<\/p>\n\n\n\n<p style=\"font-size:18px\">De los usuarios que se registran en nuestra web (si los hay), tambi\u00e9n almacenamos la informaci\u00f3n personal que proporcionan en su perfil de usuario. Todos los usuarios pueden ver, editar o eliminar su informaci\u00f3n personal en cualquier momento (excepto que no pueden cambiar su nombre de usuario). Los administradores de la web tambi\u00e9n pueden ver y editar esa informaci\u00f3n.<\/p>\n\n\n\n<h2 class=\"wp-block-heading\">Qu\u00e9 derechos tienes sobre tus datos<\/h2>\n\n\n\n<p style=\"font-size:18px\">Si tienes una cuenta o has dejado comentarios en esta web, puedes solicitar recibir un archivo de exportaci\u00f3n de los datos personales que tenemos sobre ti, incluyendo cualquier dato que nos hayas proporcionado. Tambi\u00e9n puedes solicitar que eliminemos cualquier dato personal que tengamos sobre ti. Esto no incluye ning\u00fan dato que estemos obligados a conservar con fines administrativos, legales o de seguridad.<\/p>\n\n\n\n<h2 class=\"wp-block-heading\">D\u00f3nde enviamos tus datos<\/h2>\n\n\n\n<p style=\"font-size:18px\">Los comentarios de los visitantes puede que los revise un servicio de detecci\u00f3n autom\u00e1tica de spam.<\/p>\n\n\n\n<h2 class=\"wp-block-heading\">Informaci\u00f3n de contacto<\/h2>\n\n\n\n<p style=\"font-size:18px\">Puedes contactar con nosotros a trav\u00e9s de los siguientes medios:<\/p>\n\n\n\n<ul class=\"ul-normal font-size-18 padding-top-5 margin-bottom-0 wp-block-list\"><li>Correo electr\u00f3nico: acertijosparati@gmail.com<\/li><li>Twitter: @acertijosparati<\/li><li>Instagram: acertijosparati<\/li><\/ul>\n\n\n\n<h2 class=\"wp-block-heading\">De qu\u00e9 terceros recibimos datos<\/h2>\n\n\n\n<p style=\"font-size:18px\">No recibimos datos de terceros.<\/p>\n\n\n\n<h2 class=\"wp-block-heading\">Informaci\u00f3n adicional<\/h2>\n\n\n\n<p style=\"font-size:18px\">Lo antes expuesto es todo lo relacionado a la Pol\u00edtica de privacidad de <em>Acertijos Para Ti<\/em>. En caso de tener alguna duda, no dudes en usar la informaci\u00f3n de contacto para comunicarte con nosotros.<\/p>\n","protected":false},"excerpt":{"rendered":"<p>Lee atentamente la pol\u00edtica de privacidad de Acertijos Para Ti. Qui\u00e9nes somos Erick Ram\u00edrez cre\u00f3 este sitio web como un<\/p>\n<div class=\"read-more\"><a href=\"https:\/\/erickjrp.com\/acertijos\/privacy-policy\/\" class=\"link\">Leer m\u00e1s <i class=\"fa fa-angle-right\"><\/i><span class=\"screen-reader-text\"> \u00abPol\u00edtica de privacidad\u00bb<\/span><\/a><\/div>\n","protected":false},"author":1,"featured_media":932,"parent":0,"menu_order":0,"comment_status":"closed","ping_status":"open","template":"","meta":{"_monsterinsights_skip_tracking":false,"_monsterinsights_sitenote_active":false,"_monsterinsights_sitenote_note":"","_monsterinsights_sitenote_category":0,"footnotes":""},"class_list":["post-3","page","type-page","status-publish","has-post-thumbnail","hentry"],"yoast_head":"<!-- This site is optimized with the Yoast SEO plugin v26.3 - https:\/\/yoast.com\/wordpress\/plugins\/seo\/ -->\n<title>Pol\u00edtica de privacidad - Acertijos Para Ti<\/title>\n<meta name=\"description\" content=\"Aqu\u00ed encontrar\u00e1s informaci\u00f3n importante acerca del trato de tus datos personales. Lee cuidadosamente la Pol\u00edtica de privacidad de Acertijos Para Ti.\" \/>\n<meta name=\"robots\" content=\"index, follow, max-snippet:-1, max-image-preview:large, max-video-preview:-1\" \/>\n<link rel=\"canonical\" href=\"https:\/\/erickjrp.com\/acertijos\/privacy-policy\/\" \/>\n<meta property=\"og:locale\" content=\"es_ES\" \/>\n<meta property=\"og:type\" content=\"article\" \/>\n<meta property=\"og:title\" content=\"Pol\u00edtica de privacidad - Acertijos Para Ti\" \/>\n<meta property=\"og:description\" content=\"Aqu\u00ed encontrar\u00e1s informaci\u00f3n importante acerca del trato de tus datos personales. Lee cuidadosamente la Pol\u00edtica de privacidad de Acertijos Para Ti.\" \/>\n<meta property=\"og:url\" content=\"https:\/\/erickjrp.com\/acertijos\/privacy-policy\/\" \/>\n<meta property=\"og:site_name\" content=\"Acertijos Para Ti\" \/>\n<meta property=\"article:publisher\" content=\"https:\/\/www.facebook.com\/acertijos.parati\" \/>\n<meta property=\"article:modified_time\" content=\"2020-05-02T01:02:58+00:00\" \/>\n<meta property=\"og:image\" content=\"https:\/\/erickjrp.com\/acertijos\/wp-content\/uploads\/2020\/05\/privacy_policy.jpeg\" \/>\n\t<meta property=\"og:image:width\" content=\"720\" \/>\n\t<meta property=\"og:image:height\" content=\"480\" \/>\n\t<meta property=\"og:image:type\" content=\"image\/jpeg\" \/>\n<meta name=\"twitter:card\" content=\"summary_large_image\" \/>\n<meta name=\"twitter:site\" content=\"@acertijosparati\" \/>\n<meta name=\"twitter:label1\" content=\"Tiempo de lectura\" \/>\n\t<meta name=\"twitter:data1\" content=\"5 minutos\" \/>\n<script type=\"application\/ld+json\" class=\"yoast-schema-graph\">{\"@context\":\"https:\/\/schema.org\",\"@graph\":[{\"@type\":\"WebPage\",\"@id\":\"https:\/\/erickjrp.com\/acertijos\/privacy-policy\/\",\"url\":\"https:\/\/erickjrp.com\/acertijos\/privacy-policy\/\",\"name\":\"Pol\u00edtica de privacidad - Acertijos Para Ti\",\"isPartOf\":{\"@id\":\"https:\/\/erickjrp.com\/acertijos\/#website\"},\"primaryImageOfPage\":{\"@id\":\"https:\/\/erickjrp.com\/acertijos\/privacy-policy\/#primaryimage\"},\"image\":{\"@id\":\"https:\/\/erickjrp.com\/acertijos\/privacy-policy\/#primaryimage\"},\"thumbnailUrl\":\"https:\/\/erickjrp.com\/acertijos\/wp-content\/uploads\/2020\/05\/privacy_policy.jpeg\",\"datePublished\":\"2019-03-31T17:45:25+00:00\",\"dateModified\":\"2020-05-02T01:02:58+00:00\",\"description\":\"Aqu\u00ed encontrar\u00e1s informaci\u00f3n importante acerca del trato de tus datos personales. Lee cuidadosamente la Pol\u00edtica de privacidad de Acertijos Para Ti.\",\"breadcrumb\":{\"@id\":\"https:\/\/erickjrp.com\/acertijos\/privacy-policy\/#breadcrumb\"},\"inLanguage\":\"es\",\"potentialAction\":[{\"@type\":\"ReadAction\",\"target\":[\"https:\/\/erickjrp.com\/acertijos\/privacy-policy\/\"]}]},{\"@type\":\"ImageObject\",\"inLanguage\":\"es\",\"@id\":\"https:\/\/erickjrp.com\/acertijos\/privacy-policy\/#primaryimage\",\"url\":\"https:\/\/erickjrp.com\/acertijos\/wp-content\/uploads\/2020\/05\/privacy_policy.jpeg\",\"contentUrl\":\"https:\/\/erickjrp.com\/acertijos\/wp-content\/uploads\/2020\/05\/privacy_policy.jpeg\",\"width\":720,\"height\":480,\"caption\":\"Secci\u00f3n de Pol\u00edtica de privacidad de Acertijos Para Ti\"},{\"@type\":\"BreadcrumbList\",\"@id\":\"https:\/\/erickjrp.com\/acertijos\/privacy-policy\/#breadcrumb\",\"itemListElement\":[{\"@type\":\"ListItem\",\"position\":1,\"name\":\"Portada\",\"item\":\"https:\/\/erickjrp.com\/acertijos\/\"},{\"@type\":\"ListItem\",\"position\":2,\"name\":\"Pol\u00edtica de privacidad\"}]},{\"@type\":\"WebSite\",\"@id\":\"https:\/\/erickjrp.com\/acertijos\/#website\",\"url\":\"https:\/\/erickjrp.com\/acertijos\/\",\"name\":\"Acertijos Para Ti\",\"description\":\"\u00a1Para tu entretenimiento! Acertijos (con soluciones) cortos y divertidos que estimulan el pensamiento.\",\"publisher\":{\"@id\":\"https:\/\/erickjrp.com\/acertijos\/#organization\"},\"potentialAction\":[{\"@type\":\"SearchAction\",\"target\":{\"@type\":\"EntryPoint\",\"urlTemplate\":\"https:\/\/erickjrp.com\/acertijos\/?s={search_term_string}\"},\"query-input\":{\"@type\":\"PropertyValueSpecification\",\"valueRequired\":true,\"valueName\":\"search_term_string\"}}],\"inLanguage\":\"es\"},{\"@type\":\"Organization\",\"@id\":\"https:\/\/erickjrp.com\/acertijos\/#organization\",\"name\":\"Acertijos Para Ti\",\"url\":\"https:\/\/erickjrp.com\/acertijos\/\",\"logo\":{\"@type\":\"ImageObject\",\"inLanguage\":\"es\",\"@id\":\"https:\/\/erickjrp.com\/acertijos\/#\/schema\/logo\/image\/\",\"url\":\"https:\/\/erickjrp.com\/acertijos\/wp-content\/uploads\/2020\/06\/favicon.jpeg\",\"contentUrl\":\"https:\/\/erickjrp.com\/acertijos\/wp-content\/uploads\/2020\/06\/favicon.jpeg\",\"width\":512,\"height\":512,\"caption\":\"Acertijos Para Ti\"},\"image\":{\"@id\":\"https:\/\/erickjrp.com\/acertijos\/#\/schema\/logo\/image\/\"},\"sameAs\":[\"https:\/\/www.facebook.com\/acertijos.parati\",\"https:\/\/x.com\/acertijosparati\",\"https:\/\/www.instagram.com\/acertijosparati\/\"]}]}<\/script>\n<!-- \/ Yoast SEO plugin. -->","yoast_head_json":{"title":"Pol\u00edtica de privacidad - Acertijos Para Ti","description":"Aqu\u00ed encontrar\u00e1s informaci\u00f3n importante acerca del trato de tus datos personales. Lee cuidadosamente la Pol\u00edtica de privacidad de Acertijos Para Ti.","robots":{"index":"index","follow":"follow","max-snippet":"max-snippet:-1","max-image-preview":"max-image-preview:large","max-video-preview":"max-video-preview:-1"},"canonical":"https:\/\/erickjrp.com\/acertijos\/privacy-policy\/","og_locale":"es_ES","og_type":"article","og_title":"Pol\u00edtica de privacidad - Acertijos Para Ti","og_description":"Aqu\u00ed encontrar\u00e1s informaci\u00f3n importante acerca del trato de tus datos personales. Lee cuidadosamente la Pol\u00edtica de privacidad de Acertijos Para Ti.","og_url":"https:\/\/erickjrp.com\/acertijos\/privacy-policy\/","og_site_name":"Acertijos Para Ti","article_publisher":"https:\/\/www.facebook.com\/acertijos.parati","article_modified_time":"2020-05-02T01:02:58+00:00","og_image":[{"width":720,"height":480,"url":"https:\/\/erickjrp.com\/acertijos\/wp-content\/uploads\/2020\/05\/privacy_policy.jpeg","type":"image\/jpeg"}],"twitter_card":"summary_large_image","twitter_site":"@acertijosparati","twitter_misc":{"Tiempo de lectura":"5 minutos"},"schema":{"@context":"https:\/\/schema.org","@graph":[{"@type":"WebPage","@id":"https:\/\/erickjrp.com\/acertijos\/privacy-policy\/","url":"https:\/\/erickjrp.com\/acertijos\/privacy-policy\/","name":"Pol\u00edtica de privacidad - Acertijos Para Ti","isPartOf":{"@id":"https:\/\/erickjrp.com\/acertijos\/#website"},"primaryImageOfPage":{"@id":"https:\/\/erickjrp.com\/acertijos\/privacy-policy\/#primaryimage"},"image":{"@id":"https:\/\/erickjrp.com\/acertijos\/privacy-policy\/#primaryimage"},"thumbnailUrl":"https:\/\/erickjrp.com\/acertijos\/wp-content\/uploads\/2020\/05\/privacy_policy.jpeg","datePublished":"2019-03-31T17:45:25+00:00","dateModified":"2020-05-02T01:02:58+00:00","description":"Aqu\u00ed encontrar\u00e1s informaci\u00f3n importante acerca del trato de tus datos personales. Lee cuidadosamente la Pol\u00edtica de privacidad de Acertijos Para Ti.","breadcrumb":{"@id":"https:\/\/erickjrp.com\/acertijos\/privacy-policy\/#breadcrumb"},"inLanguage":"es","potentialAction":[{"@type":"ReadAction","target":["https:\/\/erickjrp.com\/acertijos\/privacy-policy\/"]}]},{"@type":"ImageObject","inLanguage":"es","@id":"https:\/\/erickjrp.com\/acertijos\/privacy-policy\/#primaryimage","url":"https:\/\/erickjrp.com\/acertijos\/wp-content\/uploads\/2020\/05\/privacy_policy.jpeg","contentUrl":"https:\/\/erickjrp.com\/acertijos\/wp-content\/uploads\/2020\/05\/privacy_policy.jpeg","width":720,"height":480,"caption":"Secci\u00f3n de Pol\u00edtica de privacidad de Acertijos Para Ti"},{"@type":"BreadcrumbList","@id":"https:\/\/erickjrp.com\/acertijos\/privacy-policy\/#breadcrumb","itemListElement":[{"@type":"ListItem","position":1,"name":"Portada","item":"https:\/\/erickjrp.com\/acertijos\/"},{"@type":"ListItem","position":2,"name":"Pol\u00edtica de privacidad"}]},{"@type":"WebSite","@id":"https:\/\/erickjrp.com\/acertijos\/#website","url":"https:\/\/erickjrp.com\/acertijos\/","name":"Acertijos Para Ti","description":"\u00a1Para tu entretenimiento! Acertijos (con soluciones) cortos y divertidos que estimulan el pensamiento.","publisher":{"@id":"https:\/\/erickjrp.com\/acertijos\/#organization"},"potentialAction":[{"@type":"SearchAction","target":{"@type":"EntryPoint","urlTemplate":"https:\/\/erickjrp.com\/acertijos\/?s={search_term_string}"},"query-input":{"@type":"PropertyValueSpecification","valueRequired":true,"valueName":"search_term_string"}}],"inLanguage":"es"},{"@type":"Organization","@id":"https:\/\/erickjrp.com\/acertijos\/#organization","name":"Acertijos Para Ti","url":"https:\/\/erickjrp.com\/acertijos\/","logo":{"@type":"ImageObject","inLanguage":"es","@id":"https:\/\/erickjrp.com\/acertijos\/#\/schema\/logo\/image\/","url":"https:\/\/erickjrp.com\/acertijos\/wp-content\/uploads\/2020\/06\/favicon.jpeg","contentUrl":"https:\/\/erickjrp.com\/acertijos\/wp-content\/uploads\/2020\/06\/favicon.jpeg","width":512,"height":512,"caption":"Acertijos Para Ti"},"image":{"@id":"https:\/\/erickjrp.com\/acertijos\/#\/schema\/logo\/image\/"},"sameAs":["https:\/\/www.facebook.com\/acertijos.parati","https:\/\/x.com\/acertijosparati","https:\/\/www.instagram.com\/acertijosparati\/"]}]}},"_links":{"self":[{"href":"https:\/\/erickjrp.com\/acertijos\/wp-json\/wp\/v2\/pages\/3","targetHints":{"allow":["GET"]}}],"collection":[{"href":"https:\/\/erickjrp.com\/acertijos\/wp-json\/wp\/v2\/pages"}],"about":[{"href":"https:\/\/erickjrp.com\/acertijos\/wp-json\/wp\/v2\/types\/page"}],"author":[{"embeddable":true,"href":"https:\/\/erickjrp.com\/acertijos\/wp-json\/wp\/v2\/users\/1"}],"replies":[{"embeddable":true,"href":"https:\/\/erickjrp.com\/acertijos\/wp-json\/wp\/v2\/comments?post=3"}],"version-history":[{"count":0,"href":"https:\/\/erickjrp.com\/acertijos\/wp-json\/wp\/v2\/pages\/3\/revisions"}],"wp:featuredmedia":[{"embeddable":true,"href":"https:\/\/erickjrp.com\/acertijos\/wp-json\/wp\/v2\/media\/932"}],"wp:attachment":[{"href":"https:\/\/erickjrp.com\/acertijos\/wp-json\/wp\/v2\/media?parent=3"}],"curies":[{"name":"wp","href":"https:\/\/api.w.org\/{rel}","templated":true}]}}