{"id":249,"date":"2020-03-16T01:21:19","date_gmt":"2020-03-16T00:21:19","guid":{"rendered":"https:\/\/acertijosparati.com\/acertijos\/?page_id=249"},"modified":"2020-05-04T00:21:17","modified_gmt":"2020-05-03T22:21:17","slug":"sobre-nosotros","status":"publish","type":"page","link":"https:\/\/erickjrp.com\/acertijos\/sobre-nosotros\/","title":{"rendered":"Sobre nosotros"},"content":{"rendered":"\n<p style=\"font-size:18px\">Debo comenzar siendo honesto, no hay un \u00abnosotros\u00bb, el n\u00famero de personas detr\u00e1s de <em>Acertijos Para Ti<\/em> es s\u00f3lo una: quien escribe estas palabras =).<\/p>\n\n\n\n<p style=\"font-size:18px\">Mi nombre es <strong>Erick Ram\u00edrez<\/strong> y, tal como coment\u00e9, soy el creador de este sitio web y de todas las redes sociales y aplicaciones que llevan por nombre <em>Acertijos Para Ti<\/em>.<\/p>\n\n\n\n<h2 class=\"wp-block-heading\">\u00bfQui\u00e9n soy y a qu\u00e9 me dedico?<\/h2>\n\n\n<p class=\"margin-bottom-20 font-size-18\">Tengo 29 a\u00f1os (para el momento de escribir este texto. Mi fecha de nacimiento es marzo de 1991) y nac\u00ed en Venezuela. Actualmente resido en Madrid, Espa\u00f1a. Me gradu\u00e9 en la Universidad Central de Venezuela como Licenciado en Computaci\u00f3n en el a\u00f1o 2015, y emprend\u00ed mi b\u00fasqueda por un mejor futuro en Espa\u00f1a, en julio del a\u00f1o 2016.<\/p>\n<p class=\"font-size-18\">Soy desarrollador web. Para aquellos que tengan conocimiento del \u00e1rea y deseen saber un poco m\u00e1s: me he desempe\u00f1ado mayormente como desarrollador Front-end, pero como todos sabemos, se termina haciendo de todo un poco (o m\u00e1s que s\u00f3lo un poco).<\/p>\n\n\n<h2 class=\"wp-block-heading\">\u00bfDe d\u00f3nde nace la idea de crear un proyecto dedicado a acertijos?<\/h2>\n\n\n<p class=\"font-size-18 margin-bottom-20\">Desde peque\u00f1o ve\u00eda a mi padre resolver muchos ejercicios mentales, los cuales pod\u00edan ser de matem\u00e1tica, l\u00f3gica, f\u00edsica y mucho m\u00e1s. No tard\u00e9 mucho en descubrir que me gustaban las matem\u00e1ticas y, a su vez, los problemas de l\u00f3gica.&nbsp;<\/p>\n<p class=\"font-size-18 margin-bottom-20\">Alrededor del a\u00f1o 2013 comenc\u00e9 a pensar en emprender un proyecto personal, quiz\u00e1 no con expectativas econ\u00f3micas pero s\u00ed con motivaci\u00f3n por hacer algo diferente y, as\u00ed, dedicar mi tiempo libre a algo que me generara entusiasmo. Comenc\u00e9 a pensar en muchas cosas, pero ten\u00eda claro que no quer\u00eda iniciar algo que ya tuviera mucha audiencia, adem\u00e1s, el proyecto deb\u00eda captar mi completo inter\u00e9s, no era una opci\u00f3n emprender algo que no me generara placer hacer. Finalmente, decid\u00ed realizar un peque\u00f1o estudio de la tem\u00e1tica que ofrec\u00edan las redes sociales para el momento; me encontr\u00e9 con cuentas dedicadas a humor, ejercicio, alimentaci\u00f3n, deporte y un poco m\u00e1s, pero no consegu\u00ed nada parecido a ejercitar la mente con alg\u00fan tipo de entretenimiento; por lo tanto, se cre\u00f3 la idea en mi cabeza: lo que quer\u00eda hacer era iniciar un proyecto relacionado al ejercicio de la mente y que pudiera captar la atenci\u00f3n de los usuarios sin que estos pudieran llegar a aburrirse, lo cual representa un gran reto.<\/p>\n<p class=\"font-size-18\">Con el camino claro, cre\u00e9 una <a href=\"https:\/\/www.instagram.com\/acertijosparati\/\">cuenta en Instagram<\/a> y comenc\u00e9 a crear contenido de libre acceso al p\u00fablico. A\u00f1os despu\u00e9s, cre\u00e9 una aplicaci\u00f3n m\u00f3vil para Android (actualmente, desafortunadamente, no est\u00e1 disponible en la Play Store, pero pronto lo estar\u00e1) y, finalmente, este sitio web, el cual actualizar\u00e9 constantemente con nuevo contenido.<\/p>\n\n\n<h2 class=\"wp-block-heading\">\u00bfAcertijos? Dif\u00edcil y aburrido&#8230;<\/h2>\n\n\n\n<p style=\"font-size:18px\">\u00bfRecuerdas esa materia que durante tu juventud te cost\u00f3 trabajo aprobar? o, \u00bfaquella materia que aunque no tuviste dificultad para aprobar, nunca te llam\u00f3 la atenci\u00f3n? probablemente, esa materia no era tan complicada, e incluso, pudo haber llamado tu atenci\u00f3n. \u00bfPor qu\u00e9 no fue as\u00ed? Por cualquiera de las siguientes razones:<\/p>\n\n\n\n<ul class=\"ul-normal font-size-18 padding-top-5 wp-block-list\"><li>La persona encargada de ense\u00f1ar la materia no logr\u00f3 (o ni siquiera intent\u00f3) despertar inter\u00e9s de tu parte. Esto es com\u00fan, muchos profesores, por varias razones, terminan yendo a ense\u00f1ar pero de manera mec\u00e1nica, esto perjudica a los estudiantes, los cuales terminan viendo la materia como algo aburrido y, muchas veces, desagradable.<\/li><li> No estabas muy interesado en estudiar o, simplemente, sab\u00edas que ten\u00edas la necesidad de aprobar la materia pero sin intenci\u00f3n de conservar, para otros prop\u00f3sitos, el contenido de la misma.<\/li><li> Realmente era una materia que, para ti, as\u00ed como seguramente para otras personas, resultaba complicada o aburrida. Pero recuerda, casi todo es cuesti\u00f3n de gustos, lo que resulta aburrido o complicado para ti, puede ser entretenido y un poco m\u00e1s simple de digerir para otros.<\/li><\/ul>\n\n\n\n<p style=\"font-size:18px\">La intenci\u00f3n que desde el inicio ha estado presente en mi cabeza respecto a <em>Acertijos Para Ti<\/em>, es el tratar de hacer, lo mejor que pueda, contenido de calidad, simple y entretenido; de esta manera, conseguir que todos aprendamos, entrenemos nuestra mente y, en el proceso, nos podamos divertir =).<\/p>\n\n\n\n<h2 class=\"wp-block-heading\">\u00a1Te espero!<\/h2>\n\n\n\n<p style=\"font-size:18px\">Forma parte de esta comunidad y desaf\u00eda tu mente. No te llevar\u00e1 mucho tiempo y te aportar\u00e1 muchos beneficios. No lo estoy inventando =), aqu\u00ed hay una peque\u00f1a lista de <em>pros <\/em>que puedes obtener si dedicas un poco de tu tiempo a resolver los acertijos de <em>Acertijos Para Ti<\/em>:<\/p>\n\n\n\n<ul class=\"ul-normal font-size-18 padding-top-5 wp-block-list\"><li>Estimular la creatividad<\/li><li>Potenciar el proceso de aprendizaje<\/li><li>Mejorar en los siguientes aspectos:<ul><li>Comprensi\u00f3n verbal<\/li><li>Orientaci\u00f3n topogr\u00e1fica<\/li><li>Planificaci\u00f3n<\/li><li>Razonamiento<\/li><li>Percepci\u00f3n visual<\/li><li>Procesamiento visual y espacial<\/li><\/ul><\/li><li>Y mucho m\u00e1s&#8230;<\/li><\/ul>\n\n\n\n<p style=\"font-size:18px\">\u00a1<a href=\"https:\/\/erickjrp.com\/acertijos\/acertijo-1\/\">Comencemos este viaje juntos<\/a> y vamos a disfrutarlo al m\u00e1ximo!<\/p>\n","protected":false},"excerpt":{"rendered":"<p>Debo comenzar siendo honesto, no hay un \u00abnosotros\u00bb, el n\u00famero de personas detr\u00e1s de Acertijos Para Ti es s\u00f3lo una:<\/p>\n<div class=\"read-more\"><a href=\"https:\/\/erickjrp.com\/acertijos\/sobre-nosotros\/\" class=\"link\">Leer m\u00e1s <i class=\"fa fa-angle-right\"><\/i><span class=\"screen-reader-text\"> \u00abSobre nosotros\u00bb<\/span><\/a><\/div>\n","protected":false},"author":1,"featured_media":934,"parent":0,"menu_order":0,"comment_status":"closed","ping_status":"closed","template":"","meta":{"_monsterinsights_skip_tracking":false,"_monsterinsights_sitenote_active":false,"_monsterinsights_sitenote_note":"","_monsterinsights_sitenote_category":0,"footnotes":""},"class_list":["post-249","page","type-page","status-publish","has-post-thumbnail","hentry"],"yoast_head":"<!-- This site is optimized with the Yoast SEO plugin v26.3 - https:\/\/yoast.com\/wordpress\/plugins\/seo\/ -->\n<title>Sobre nosotros - Acertijos Para Ti<\/title>\n<meta name=\"description\" content=\"Sobre el creador de Acertijos Para Ti: \u00bfQui\u00e9n es? \u00bfA qu\u00e9 se dedica? \u00bfPor qu\u00e9 crear un proyecto relacionado con acertijos?\" \/>\n<meta name=\"robots\" content=\"index, follow, max-snippet:-1, max-image-preview:large, max-video-preview:-1\" \/>\n<link rel=\"canonical\" href=\"https:\/\/erickjrp.com\/acertijos\/sobre-nosotros\/\" \/>\n<meta property=\"og:locale\" content=\"es_ES\" \/>\n<meta property=\"og:type\" content=\"article\" \/>\n<meta property=\"og:title\" content=\"Sobre nosotros - Acertijos Para Ti\" \/>\n<meta property=\"og:description\" content=\"Sobre el creador de Acertijos Para Ti: \u00bfQui\u00e9n es? \u00bfA qu\u00e9 se dedica? \u00bfPor qu\u00e9 crear un proyecto relacionado con acertijos?\" \/>\n<meta property=\"og:url\" content=\"https:\/\/erickjrp.com\/acertijos\/sobre-nosotros\/\" \/>\n<meta property=\"og:site_name\" content=\"Acertijos Para Ti\" \/>\n<meta property=\"article:publisher\" content=\"https:\/\/www.facebook.com\/acertijos.parati\" \/>\n<meta property=\"article:modified_time\" content=\"2020-05-03T22:21:17+00:00\" \/>\n<meta property=\"og:image\" content=\"https:\/\/erickjrp.com\/acertijos\/wp-content\/uploads\/2020\/05\/about_us.jpeg\" \/>\n\t<meta property=\"og:image:width\" content=\"720\" \/>\n\t<meta property=\"og:image:height\" content=\"480\" \/>\n\t<meta property=\"og:image:type\" content=\"image\/jpeg\" \/>\n<meta name=\"twitter:card\" content=\"summary_large_image\" \/>\n<meta name=\"twitter:site\" content=\"@acertijosparati\" \/>\n<meta name=\"twitter:label1\" content=\"Tiempo de lectura\" \/>\n\t<meta name=\"twitter:data1\" content=\"4 minutos\" \/>\n<script type=\"application\/ld+json\" class=\"yoast-schema-graph\">{\"@context\":\"https:\/\/schema.org\",\"@graph\":[{\"@type\":\"WebPage\",\"@id\":\"https:\/\/erickjrp.com\/acertijos\/sobre-nosotros\/\",\"url\":\"https:\/\/erickjrp.com\/acertijos\/sobre-nosotros\/\",\"name\":\"Sobre nosotros - Acertijos Para Ti\",\"isPartOf\":{\"@id\":\"https:\/\/erickjrp.com\/acertijos\/#website\"},\"primaryImageOfPage\":{\"@id\":\"https:\/\/erickjrp.com\/acertijos\/sobre-nosotros\/#primaryimage\"},\"image\":{\"@id\":\"https:\/\/erickjrp.com\/acertijos\/sobre-nosotros\/#primaryimage\"},\"thumbnailUrl\":\"https:\/\/erickjrp.com\/acertijos\/wp-content\/uploads\/2020\/05\/about_us.jpeg\",\"datePublished\":\"2020-03-16T00:21:19+00:00\",\"dateModified\":\"2020-05-03T22:21:17+00:00\",\"description\":\"Sobre el creador de Acertijos Para Ti: \u00bfQui\u00e9n es? \u00bfA qu\u00e9 se dedica? \u00bfPor qu\u00e9 crear un proyecto relacionado con acertijos?\",\"breadcrumb\":{\"@id\":\"https:\/\/erickjrp.com\/acertijos\/sobre-nosotros\/#breadcrumb\"},\"inLanguage\":\"es\",\"potentialAction\":[{\"@type\":\"ReadAction\",\"target\":[\"https:\/\/erickjrp.com\/acertijos\/sobre-nosotros\/\"]}]},{\"@type\":\"ImageObject\",\"inLanguage\":\"es\",\"@id\":\"https:\/\/erickjrp.com\/acertijos\/sobre-nosotros\/#primaryimage\",\"url\":\"https:\/\/erickjrp.com\/acertijos\/wp-content\/uploads\/2020\/05\/about_us.jpeg\",\"contentUrl\":\"https:\/\/erickjrp.com\/acertijos\/wp-content\/uploads\/2020\/05\/about_us.jpeg\",\"width\":720,\"height\":480,\"caption\":\"Erick Ram\u00edrez - Creador de Acertijos Para Ti\"},{\"@type\":\"BreadcrumbList\",\"@id\":\"https:\/\/erickjrp.com\/acertijos\/sobre-nosotros\/#breadcrumb\",\"itemListElement\":[{\"@type\":\"ListItem\",\"position\":1,\"name\":\"Portada\",\"item\":\"https:\/\/erickjrp.com\/acertijos\/\"},{\"@type\":\"ListItem\",\"position\":2,\"name\":\"Sobre nosotros\"}]},{\"@type\":\"WebSite\",\"@id\":\"https:\/\/erickjrp.com\/acertijos\/#website\",\"url\":\"https:\/\/erickjrp.com\/acertijos\/\",\"name\":\"Acertijos Para Ti\",\"description\":\"\u00a1Para tu entretenimiento! Acertijos (con soluciones) cortos y divertidos que estimulan el pensamiento.\",\"publisher\":{\"@id\":\"https:\/\/erickjrp.com\/acertijos\/#organization\"},\"potentialAction\":[{\"@type\":\"SearchAction\",\"target\":{\"@type\":\"EntryPoint\",\"urlTemplate\":\"https:\/\/erickjrp.com\/acertijos\/?s={search_term_string}\"},\"query-input\":{\"@type\":\"PropertyValueSpecification\",\"valueRequired\":true,\"valueName\":\"search_term_string\"}}],\"inLanguage\":\"es\"},{\"@type\":\"Organization\",\"@id\":\"https:\/\/erickjrp.com\/acertijos\/#organization\",\"name\":\"Acertijos Para Ti\",\"url\":\"https:\/\/erickjrp.com\/acertijos\/\",\"logo\":{\"@type\":\"ImageObject\",\"inLanguage\":\"es\",\"@id\":\"https:\/\/erickjrp.com\/acertijos\/#\/schema\/logo\/image\/\",\"url\":\"https:\/\/erickjrp.com\/acertijos\/wp-content\/uploads\/2020\/06\/favicon.jpeg\",\"contentUrl\":\"https:\/\/erickjrp.com\/acertijos\/wp-content\/uploads\/2020\/06\/favicon.jpeg\",\"width\":512,\"height\":512,\"caption\":\"Acertijos Para Ti\"},\"image\":{\"@id\":\"https:\/\/erickjrp.com\/acertijos\/#\/schema\/logo\/image\/\"},\"sameAs\":[\"https:\/\/www.facebook.com\/acertijos.parati\",\"https:\/\/x.com\/acertijosparati\",\"https:\/\/www.instagram.com\/acertijosparati\/\"]}]}<\/script>\n<!-- \/ Yoast SEO plugin. -->","yoast_head_json":{"title":"Sobre nosotros - Acertijos Para Ti","description":"Sobre el creador de Acertijos Para Ti: \u00bfQui\u00e9n es? \u00bfA qu\u00e9 se dedica? \u00bfPor qu\u00e9 crear un proyecto relacionado con acertijos?","robots":{"index":"index","follow":"follow","max-snippet":"max-snippet:-1","max-image-preview":"max-image-preview:large","max-video-preview":"max-video-preview:-1"},"canonical":"https:\/\/erickjrp.com\/acertijos\/sobre-nosotros\/","og_locale":"es_ES","og_type":"article","og_title":"Sobre nosotros - Acertijos Para Ti","og_description":"Sobre el creador de Acertijos Para Ti: \u00bfQui\u00e9n es? \u00bfA qu\u00e9 se dedica? \u00bfPor qu\u00e9 crear un proyecto relacionado con acertijos?","og_url":"https:\/\/erickjrp.com\/acertijos\/sobre-nosotros\/","og_site_name":"Acertijos Para Ti","article_publisher":"https:\/\/www.facebook.com\/acertijos.parati","article_modified_time":"2020-05-03T22:21:17+00:00","og_image":[{"width":720,"height":480,"url":"https:\/\/erickjrp.com\/acertijos\/wp-content\/uploads\/2020\/05\/about_us.jpeg","type":"image\/jpeg"}],"twitter_card":"summary_large_image","twitter_site":"@acertijosparati","twitter_misc":{"Tiempo de lectura":"4 minutos"},"schema":{"@context":"https:\/\/schema.org","@graph":[{"@type":"WebPage","@id":"https:\/\/erickjrp.com\/acertijos\/sobre-nosotros\/","url":"https:\/\/erickjrp.com\/acertijos\/sobre-nosotros\/","name":"Sobre nosotros - Acertijos Para Ti","isPartOf":{"@id":"https:\/\/erickjrp.com\/acertijos\/#website"},"primaryImageOfPage":{"@id":"https:\/\/erickjrp.com\/acertijos\/sobre-nosotros\/#primaryimage"},"image":{"@id":"https:\/\/erickjrp.com\/acertijos\/sobre-nosotros\/#primaryimage"},"thumbnailUrl":"https:\/\/erickjrp.com\/acertijos\/wp-content\/uploads\/2020\/05\/about_us.jpeg","datePublished":"2020-03-16T00:21:19+00:00","dateModified":"2020-05-03T22:21:17+00:00","description":"Sobre el creador de Acertijos Para Ti: \u00bfQui\u00e9n es? \u00bfA qu\u00e9 se dedica? \u00bfPor qu\u00e9 crear un proyecto relacionado con acertijos?","breadcrumb":{"@id":"https:\/\/erickjrp.com\/acertijos\/sobre-nosotros\/#breadcrumb"},"inLanguage":"es","potentialAction":[{"@type":"ReadAction","target":["https:\/\/erickjrp.com\/acertijos\/sobre-nosotros\/"]}]},{"@type":"ImageObject","inLanguage":"es","@id":"https:\/\/erickjrp.com\/acertijos\/sobre-nosotros\/#primaryimage","url":"https:\/\/erickjrp.com\/acertijos\/wp-content\/uploads\/2020\/05\/about_us.jpeg","contentUrl":"https:\/\/erickjrp.com\/acertijos\/wp-content\/uploads\/2020\/05\/about_us.jpeg","width":720,"height":480,"caption":"Erick Ram\u00edrez - Creador de Acertijos Para Ti"},{"@type":"BreadcrumbList","@id":"https:\/\/erickjrp.com\/acertijos\/sobre-nosotros\/#breadcrumb","itemListElement":[{"@type":"ListItem","position":1,"name":"Portada","item":"https:\/\/erickjrp.com\/acertijos\/"},{"@type":"ListItem","position":2,"name":"Sobre nosotros"}]},{"@type":"WebSite","@id":"https:\/\/erickjrp.com\/acertijos\/#website","url":"https:\/\/erickjrp.com\/acertijos\/","name":"Acertijos Para Ti","description":"\u00a1Para tu entretenimiento! Acertijos (con soluciones) cortos y divertidos que estimulan el pensamiento.","publisher":{"@id":"https:\/\/erickjrp.com\/acertijos\/#organization"},"potentialAction":[{"@type":"SearchAction","target":{"@type":"EntryPoint","urlTemplate":"https:\/\/erickjrp.com\/acertijos\/?s={search_term_string}"},"query-input":{"@type":"PropertyValueSpecification","valueRequired":true,"valueName":"search_term_string"}}],"inLanguage":"es"},{"@type":"Organization","@id":"https:\/\/erickjrp.com\/acertijos\/#organization","name":"Acertijos Para Ti","url":"https:\/\/erickjrp.com\/acertijos\/","logo":{"@type":"ImageObject","inLanguage":"es","@id":"https:\/\/erickjrp.com\/acertijos\/#\/schema\/logo\/image\/","url":"https:\/\/erickjrp.com\/acertijos\/wp-content\/uploads\/2020\/06\/favicon.jpeg","contentUrl":"https:\/\/erickjrp.com\/acertijos\/wp-content\/uploads\/2020\/06\/favicon.jpeg","width":512,"height":512,"caption":"Acertijos Para Ti"},"image":{"@id":"https:\/\/erickjrp.com\/acertijos\/#\/schema\/logo\/image\/"},"sameAs":["https:\/\/www.facebook.com\/acertijos.parati","https:\/\/x.com\/acertijosparati","https:\/\/www.instagram.com\/acertijosparati\/"]}]}},"_links":{"self":[{"href":"https:\/\/erickjrp.com\/acertijos\/wp-json\/wp\/v2\/pages\/249","targetHints":{"allow":["GET"]}}],"collection":[{"href":"https:\/\/erickjrp.com\/acertijos\/wp-json\/wp\/v2\/pages"}],"about":[{"href":"https:\/\/erickjrp.com\/acertijos\/wp-json\/wp\/v2\/types\/page"}],"author":[{"embeddable":true,"href":"https:\/\/erickjrp.com\/acertijos\/wp-json\/wp\/v2\/users\/1"}],"replies":[{"embeddable":true,"href":"https:\/\/erickjrp.com\/acertijos\/wp-json\/wp\/v2\/comments?post=249"}],"version-history":[{"count":0,"href":"https:\/\/erickjrp.com\/acertijos\/wp-json\/wp\/v2\/pages\/249\/revisions"}],"wp:featuredmedia":[{"embeddable":true,"href":"https:\/\/erickjrp.com\/acertijos\/wp-json\/wp\/v2\/media\/934"}],"wp:attachment":[{"href":"https:\/\/erickjrp.com\/acertijos\/wp-json\/wp\/v2\/media?parent=249"}],"curies":[{"name":"wp","href":"https:\/\/api.w.org\/{rel}","templated":true}]}}